{"id":1727,"date":"2020-07-30T10:36:00","date_gmt":"2020-07-30T14:36:00","guid":{"rendered":"https:\/\/www.spanglishvoces.com\/?page_id=1727"},"modified":"2025-04-25T23:34:06","modified_gmt":"2025-04-26T03:34:06","slug":"masthead","status":"publish","type":"page","link":"https:\/\/www.spanglishvoces.com\/index.php\/about-us\/masthead\/","title":{"rendered":"Masthead"},"content":{"rendered":"<p>&nbsp;<\/p>\n<h3 style=\"text-align: center;\"><span style=\"color: #000000;\"><strong>Conoce El Equipito<\/strong><\/span><\/h3>\n<p>&nbsp;<\/p>\n<blockquote>\n<p style=\"text-align: left;\"><span style=\"color: #000000;\"><img loading=\"lazy\" class=\"wp-image-2379 alignleft\" src=\"https:\/\/www.spanglishvoces.com\/wp-content\/uploads\/2021\/05\/f0452a77-71ec-45a1-bac6-93d5baa64756-1-225x300.jpg\" alt=\"\" width=\"160\" height=\"213\" srcset=\"https:\/\/www.spanglishvoces.com\/wp-content\/uploads\/2021\/05\/f0452a77-71ec-45a1-bac6-93d5baa64756-1-225x300.jpg 225w, https:\/\/www.spanglishvoces.com\/wp-content\/uploads\/2021\/05\/f0452a77-71ec-45a1-bac6-93d5baa64756-1-768x1024.jpg 768w, https:\/\/www.spanglishvoces.com\/wp-content\/uploads\/2021\/05\/f0452a77-71ec-45a1-bac6-93d5baa64756-1-1152x1536.jpg 1152w, https:\/\/www.spanglishvoces.com\/wp-content\/uploads\/2021\/05\/f0452a77-71ec-45a1-bac6-93d5baa64756-1-360x480.jpg 360w, https:\/\/www.spanglishvoces.com\/wp-content\/uploads\/2021\/05\/f0452a77-71ec-45a1-bac6-93d5baa64756-1.jpg 1200w\" sizes=\"(max-width: 160px) 100vw, 160px\" \/>EDWIN ROSARIO MAZARA, <em>CEO (\u00e9l\/him\/his)<\/em><\/span><\/p>\n<p style=\"text-align: left;\"><span style=\"color: #000000;\">Edwin or, as his close friends call him, &#8220;Mazara&#8221; is the founder of the literary magazine <em>Spanglish Voces<\/em>\u00a0as well as\u00a0the founder and producer of the YouTube talk show <em>La Sala Talks<\/em>. <\/span><span style=\"color: #000000;\">Hace un tiempo no muy lejano, su enfoque has been invested on three central areas: social thinking, social influence, and social behavior in humans. Estos intereses lo llevaron a incursionar en la rama de social psychology y convertirse en un hater of psychoanalysis (sorry Freud y thank you Fromm). Mazara es un humanista y activista comunitario que ama las miles de historias de los desconocidos y esas verdades que visibilizan a &#8220;los de abajo&#8221; en esta tierra. He loves reading, la m\u00fasica, nature y un buen trago sin importar el label. <\/span><\/p>\n<p style=\"text-align: left;\"><span style=\"color: #000000;\">Follow him: <a href=\"https:\/\/www.instagram.com\/edwin_rosario_mazara\/\">edwin-rosario-mazara<\/a>.\u00a0<\/span><\/p>\n<\/blockquote>\n<blockquote>\n<p style=\"text-align: right;\"><span style=\"color: #000000;\"><img loading=\"lazy\" class=\"wp-image-3071 alignright\" src=\"https:\/\/www.spanglishvoces.com\/wp-content\/uploads\/2025\/04\/7IV01883-300x200.jpg\" alt=\"\" width=\"231\" height=\"154\" srcset=\"https:\/\/www.spanglishvoces.com\/wp-content\/uploads\/2025\/04\/7IV01883-300x200.jpg 300w, https:\/\/www.spanglishvoces.com\/wp-content\/uploads\/2025\/04\/7IV01883-1024x683.jpg 1024w, https:\/\/www.spanglishvoces.com\/wp-content\/uploads\/2025\/04\/7IV01883-768x512.jpg 768w, https:\/\/www.spanglishvoces.com\/wp-content\/uploads\/2025\/04\/7IV01883-1536x1024.jpg 1536w, https:\/\/www.spanglishvoces.com\/wp-content\/uploads\/2025\/04\/7IV01883-2048x1366.jpg 2048w, https:\/\/www.spanglishvoces.com\/wp-content\/uploads\/2025\/04\/7IV01883-360x240.jpg 360w\" sizes=\"(max-width: 231px) 100vw, 231px\" \/><\/span><\/p>\n<p style=\"text-align: right;\"><span style=\"color: #000000;\">ROXANA CALDER\u00d3N,<em> Editor-In-Chief (ella\/she\/her)<\/em><\/span><\/p>\n<p style=\"text-align: right;\"><span style=\"color: #000000;\">Roxana Calder\u00f3n, born in Brooklyn, NY, and raised in Santo Domingo, DR, is a writer, poet, and editor. She released her first book, \u201cLa casa de las maletas\u201d, with DWA Press, NYC, in 2019. Her works have appeared in various publications including &#8220;El vuelo m\u00e1s largo&#8221;, a compilation of poems by Hispanic American writers, published in Peru, by \u00c1ngeles Del Papel. In October 2021, Roxana presented her first monologue, <\/span><span style=\"color: #000000;\">Once We Loved, at Alianza Dominicana.<\/span><\/p>\n<p style=\"text-align: center;\"><span style=\"color: #000000;\">In January 2024, Roxana launched her self-published poetry book, \u201cEsto no es poes\u00eda\u201d, featuring over 100 notes from her life from 2018 to 2022. Calder\u00f3n serves as volunteer editor-in-chief of Spanglish Voces&#8217;s digital magazine and contributes to the Dominican Writers Association.<\/span><\/p>\n<p style=\"text-align: right;\"><span style=\"color: #000000;\">Roxana&#8217;s writing uniquely captures the emotional depth of the human experience, resonating with readers worldwide.<\/span><\/p>\n<p style=\"text-align: right;\"><span style=\"color: #000000;\">Follow her: <\/span><a href=\"https:\/\/www.instagram.com\/lacasadelasmaletas_\/\">lacasadelasmaletas_<\/a><span style=\"color: #000000;\">, <\/span><a href=\"https:\/\/twitter.com\/delasmaletas\">https:\/\/twitter.com\/delasmaletas<\/a><span style=\"color: #000000;\">, <\/span><a href=\"http:\/\/roxanacalderon.com\/\" target=\"_blank\" rel=\"noopener noreferrer\" data-saferedirecturl=\"https:\/\/www.google.com\/url?q=http:\/\/roxanacalderon.com&amp;source=gmail&amp;ust=1595706744708000&amp;usg=AFQjCNH4uzSvmfVEeTwYbzw-w180TrE-WQ\">roxanacalderon.com<\/a><span style=\"color: #000000;\">.<\/span><\/p>\n<\/blockquote>\n<blockquote>\n<p style=\"text-align: right;\"><span style=\"color: #000000;\"><img loading=\"lazy\" class=\"wp-image-2340 alignleft\" src=\"https:\/\/www.spanglishvoces.com\/wp-content\/uploads\/2021\/04\/Image-scaled-e1620266250750-265x300.jpeg\" alt=\"\" width=\"172\" height=\"195\" srcset=\"https:\/\/www.spanglishvoces.com\/wp-content\/uploads\/2021\/04\/Image-scaled-e1620266250750-265x300.jpeg 265w, https:\/\/www.spanglishvoces.com\/wp-content\/uploads\/2021\/04\/Image-scaled-e1620266250750-906x1024.jpeg 906w, https:\/\/www.spanglishvoces.com\/wp-content\/uploads\/2021\/04\/Image-scaled-e1620266250750-768x868.jpeg 768w, https:\/\/www.spanglishvoces.com\/wp-content\/uploads\/2021\/04\/Image-scaled-e1620266250750-1359x1536.jpeg 1359w, https:\/\/www.spanglishvoces.com\/wp-content\/uploads\/2021\/04\/Image-scaled-e1620266250750-360x407.jpeg 360w, https:\/\/www.spanglishvoces.com\/wp-content\/uploads\/2021\/04\/Image-scaled-e1620266250750.jpeg 1497w\" sizes=\"(max-width: 172px) 100vw, 172px\" \/><\/span><\/p>\n<div>\n<p style=\"text-align: left;\"><span style=\"color: #000000;\">CARISA MUSIALIK<\/span><span style=\"color: #000000;\">, <em>Editora Asociada (ella\/she)<\/em><\/span><\/p>\n<p dir=\"ltr\" style=\"text-align: left;\"><span style=\"color: #000000;\"><span class=\"il\">Carisa<\/span> Musialik naci\u00f3 y se cri\u00f3 en Valverde, Mao, Rep\u00fablica\u00a0 Dominicana. A los quince a\u00f1os emigr\u00f3\u00a0 a los E.E.U.U. Estudi\u00f3 letras en New York, Argentina y Espa\u00f1a. Luego, hizo una maestr\u00eda en pedagog\u00eda en la ciudad de New York donde a\u00fan reside. <span class=\"il\">Carisa<\/span> es docente de secundaria y le encanta editar. Ha editado libros para ni\u00f1os, poemarios y prosa.\u00a0<\/span><\/p>\n<p style=\"text-align: left;\"><span style=\"color: #000000;\">En su tiempo libre escribe cuentos y poes\u00eda donde explora el efecto de la nostalgia en la memoria y su impacto en el individuo.\u00a0 A dormir, a so\u00f1ar es su primer libro de ni\u00f1os. Follow her:\u00a0<a href=\"https:\/\/www.instagram.com\/carisamusialik\/\">https:\/\/www.instagram.com\/carisamusialik\/<\/a><\/span><\/p>\n<\/div>\n<\/blockquote>\n<blockquote>\n<p style=\"text-align: left;\"><span style=\"color: #000000;\"><img loading=\"lazy\" class=\"wp-image-1801 alignright\" src=\"https:\/\/www.spanglishvoces.com\/wp-content\/uploads\/2020\/07\/JH-225x300.jpg\" alt=\"\" width=\"190\" height=\"253\" srcset=\"https:\/\/www.spanglishvoces.com\/wp-content\/uploads\/2020\/07\/JH-225x300.jpg 225w, https:\/\/www.spanglishvoces.com\/wp-content\/uploads\/2020\/07\/JH-360x480.jpg 360w, https:\/\/www.spanglishvoces.com\/wp-content\/uploads\/2020\/07\/JH.jpg 480w\" sizes=\"(max-width: 190px) 100vw, 190px\" \/><\/span><\/p>\n<div>\n<p style=\"text-align: right;\">J<span style=\"color: #000000;\">ORGE HERRERA,<\/span><\/p>\n<p style=\"text-align: right;\"><span style=\"color: #000000;\"><em>Associate Editor (\u00e9l\/he\/his) <\/em><\/span><\/p>\n<p style=\"text-align: right;\"><span style=\"color: #000000;\">Jorge is the founder of Literary Magazine <i>Spanglish Voces<\/i> and has also worked as a co-host of YouTube talk show, <i>La Sala Talks.\u00a0<\/i>Jorge has a Bachelor&#8217;s in Social Sciences from Saint Peter&#8217;s University. His interests include the study of society and the relation among its institutions, especially the political and gubernamental ones. Unapologetically looking for fairness, he&#8217;s always looking to listen to ambas campanas of an issue. Pelotero frustrado al fin, you can spend hours speaking of sports with him. In his downtime, Jorge is very likely reading either non-fictional political commentary, or Latin American and Russian classics.<\/span><\/p>\n<p style=\"text-align: right;\"><span style=\"color: #000000;\">Follow him: <a style=\"color: #000000;\" href=\"https:\/\/www.instagram.com\/jorgeherreradl\/\">jorgeherreradl<\/a><\/span><\/p>\n<\/div>\n<\/blockquote>\n<!-- AddThis Advanced Settings generic via filter on the_content --><!-- AddThis Share Buttons generic via filter on the_content -->","protected":false},"excerpt":{"rendered":"<p>&nbsp; Conoce El Equipito &nbsp; EDWIN ROSARIO MAZARA, CEO (\u00e9l\/him\/his) Edwin or, as his close friends call him, &#8220;Mazara&#8221; is the founder of the literary magazine Spanglish Voces\u00a0as well as\u00a0the founder and producer of the YouTube talk show La Sala Talks. Hace un tiempo no muy lejano, su enfoque has been invested on three central [&hellip;]<!-- AddThis Advanced Settings generic via filter on get_the_excerpt --><!-- AddThis Share Buttons generic via filter on get_the_excerpt --><\/p>\n","protected":false},"author":3,"featured_media":0,"parent":1680,"menu_order":3,"comment_status":"closed","ping_status":"closed","template":"","meta":[],"yoast_head":"<!-- This site is optimized with the Yoast SEO plugin v19.13 - https:\/\/yoast.com\/wordpress\/plugins\/seo\/ -->\n<title>Masthead - Spanglish Voces Magazine<\/title>\n<meta name=\"robots\" content=\"index, follow, max-snippet:-1, max-image-preview:large, max-video-preview:-1\" \/>\n<link rel=\"canonical\" href=\"https:\/\/www.spanglishvoces.com\/index.php\/about-us\/masthead\/\" \/>\n<meta property=\"og:locale\" content=\"en_US\" \/>\n<meta property=\"og:type\" content=\"article\" \/>\n<meta property=\"og:title\" content=\"Masthead - Spanglish Voces Magazine\" \/>\n<meta property=\"og:description\" content=\"&nbsp; Conoce El Equipito &nbsp; EDWIN ROSARIO MAZARA, CEO (\u00e9l\/him\/his) Edwin or, as his close friends call him, &#8220;Mazara&#8221; is the founder of the literary magazine Spanglish Voces\u00a0as well as\u00a0the founder and producer of the YouTube talk show La Sala Talks. Hace un tiempo no muy lejano, su enfoque has been invested on three central [&hellip;]\" \/>\n<meta property=\"og:url\" content=\"https:\/\/www.spanglishvoces.com\/index.php\/about-us\/masthead\/\" \/>\n<meta property=\"og:site_name\" content=\"Spanglish Voces Magazine\" \/>\n<meta property=\"article:modified_time\" content=\"2025-04-26T03:34:06+00:00\" \/>\n<meta property=\"og:image\" content=\"https:\/\/www.spanglishvoces.com\/wp-content\/uploads\/2021\/05\/f0452a77-71ec-45a1-bac6-93d5baa64756-1-225x300.jpg\" \/>\n<meta name=\"twitter:card\" content=\"summary_large_image\" \/>\n<meta name=\"twitter:label1\" content=\"Est. reading time\" \/>\n\t<meta name=\"twitter:data1\" content=\"3 minutes\" \/>\n<script type=\"application\/ld+json\" class=\"yoast-schema-graph\">{\"@context\":\"https:\/\/schema.org\",\"@graph\":[{\"@type\":\"WebPage\",\"@id\":\"https:\/\/www.spanglishvoces.com\/index.php\/about-us\/masthead\/\",\"url\":\"https:\/\/www.spanglishvoces.com\/index.php\/about-us\/masthead\/\",\"name\":\"Masthead - Spanglish Voces Magazine\",\"isPartOf\":{\"@id\":\"https:\/\/www.spanglishvoces.com\/#website\"},\"datePublished\":\"2020-07-30T14:36:00+00:00\",\"dateModified\":\"2025-04-26T03:34:06+00:00\",\"breadcrumb\":{\"@id\":\"https:\/\/www.spanglishvoces.com\/index.php\/about-us\/masthead\/#breadcrumb\"},\"inLanguage\":\"en-US\",\"potentialAction\":[{\"@type\":\"ReadAction\",\"target\":[\"https:\/\/www.spanglishvoces.com\/index.php\/about-us\/masthead\/\"]}]},{\"@type\":\"BreadcrumbList\",\"@id\":\"https:\/\/www.spanglishvoces.com\/index.php\/about-us\/masthead\/#breadcrumb\",\"itemListElement\":[{\"@type\":\"ListItem\",\"position\":1,\"name\":\"Home\",\"item\":\"https:\/\/www.spanglishvoces.com\/\"},{\"@type\":\"ListItem\",\"position\":2,\"name\":\"About Us\",\"item\":\"https:\/\/www.spanglishvoces.com\/index.php\/about-us\/\"},{\"@type\":\"ListItem\",\"position\":3,\"name\":\"Masthead\"}]},{\"@type\":\"WebSite\",\"@id\":\"https:\/\/www.spanglishvoces.com\/#website\",\"url\":\"https:\/\/www.spanglishvoces.com\/\",\"name\":\"Spanglish Voces Magazine\",\"description\":\"This platform is a tool to build community.\",\"potentialAction\":[{\"@type\":\"SearchAction\",\"target\":{\"@type\":\"EntryPoint\",\"urlTemplate\":\"https:\/\/www.spanglishvoces.com\/?s={search_term_string}\"},\"query-input\":\"required name=search_term_string\"}],\"inLanguage\":\"en-US\"}]}<\/script>\n<!-- \/ Yoast SEO plugin. -->","yoast_head_json":{"title":"Masthead - Spanglish Voces Magazine","robots":{"index":"index","follow":"follow","max-snippet":"max-snippet:-1","max-image-preview":"max-image-preview:large","max-video-preview":"max-video-preview:-1"},"canonical":"https:\/\/www.spanglishvoces.com\/index.php\/about-us\/masthead\/","og_locale":"en_US","og_type":"article","og_title":"Masthead - Spanglish Voces Magazine","og_description":"&nbsp; Conoce El Equipito &nbsp; EDWIN ROSARIO MAZARA, CEO (\u00e9l\/him\/his) Edwin or, as his close friends call him, &#8220;Mazara&#8221; is the founder of the literary magazine Spanglish Voces\u00a0as well as\u00a0the founder and producer of the YouTube talk show La Sala Talks. Hace un tiempo no muy lejano, su enfoque has been invested on three central [&hellip;]","og_url":"https:\/\/www.spanglishvoces.com\/index.php\/about-us\/masthead\/","og_site_name":"Spanglish Voces Magazine","article_modified_time":"2025-04-26T03:34:06+00:00","og_image":[{"url":"https:\/\/www.spanglishvoces.com\/wp-content\/uploads\/2021\/05\/f0452a77-71ec-45a1-bac6-93d5baa64756-1-225x300.jpg"}],"twitter_card":"summary_large_image","twitter_misc":{"Est. reading time":"3 minutes"},"schema":{"@context":"https:\/\/schema.org","@graph":[{"@type":"WebPage","@id":"https:\/\/www.spanglishvoces.com\/index.php\/about-us\/masthead\/","url":"https:\/\/www.spanglishvoces.com\/index.php\/about-us\/masthead\/","name":"Masthead - Spanglish Voces Magazine","isPartOf":{"@id":"https:\/\/www.spanglishvoces.com\/#website"},"datePublished":"2020-07-30T14:36:00+00:00","dateModified":"2025-04-26T03:34:06+00:00","breadcrumb":{"@id":"https:\/\/www.spanglishvoces.com\/index.php\/about-us\/masthead\/#breadcrumb"},"inLanguage":"en-US","potentialAction":[{"@type":"ReadAction","target":["https:\/\/www.spanglishvoces.com\/index.php\/about-us\/masthead\/"]}]},{"@type":"BreadcrumbList","@id":"https:\/\/www.spanglishvoces.com\/index.php\/about-us\/masthead\/#breadcrumb","itemListElement":[{"@type":"ListItem","position":1,"name":"Home","item":"https:\/\/www.spanglishvoces.com\/"},{"@type":"ListItem","position":2,"name":"About Us","item":"https:\/\/www.spanglishvoces.com\/index.php\/about-us\/"},{"@type":"ListItem","position":3,"name":"Masthead"}]},{"@type":"WebSite","@id":"https:\/\/www.spanglishvoces.com\/#website","url":"https:\/\/www.spanglishvoces.com\/","name":"Spanglish Voces Magazine","description":"This platform is a tool to build community.","potentialAction":[{"@type":"SearchAction","target":{"@type":"EntryPoint","urlTemplate":"https:\/\/www.spanglishvoces.com\/?s={search_term_string}"},"query-input":"required name=search_term_string"}],"inLanguage":"en-US"}]}},"_links":{"self":[{"href":"https:\/\/www.spanglishvoces.com\/index.php\/wp-json\/wp\/v2\/pages\/1727"}],"collection":[{"href":"https:\/\/www.spanglishvoces.com\/index.php\/wp-json\/wp\/v2\/pages"}],"about":[{"href":"https:\/\/www.spanglishvoces.com\/index.php\/wp-json\/wp\/v2\/types\/page"}],"author":[{"embeddable":true,"href":"https:\/\/www.spanglishvoces.com\/index.php\/wp-json\/wp\/v2\/users\/3"}],"replies":[{"embeddable":true,"href":"https:\/\/www.spanglishvoces.com\/index.php\/wp-json\/wp\/v2\/comments?post=1727"}],"version-history":[{"count":40,"href":"https:\/\/www.spanglishvoces.com\/index.php\/wp-json\/wp\/v2\/pages\/1727\/revisions"}],"predecessor-version":[{"id":3073,"href":"https:\/\/www.spanglishvoces.com\/index.php\/wp-json\/wp\/v2\/pages\/1727\/revisions\/3073"}],"up":[{"embeddable":true,"href":"https:\/\/www.spanglishvoces.com\/index.php\/wp-json\/wp\/v2\/pages\/1680"}],"wp:attachment":[{"href":"https:\/\/www.spanglishvoces.com\/index.php\/wp-json\/wp\/v2\/media?parent=1727"}],"curies":[{"name":"wp","href":"https:\/\/api.w.org\/{rel}","templated":true}]}}